{"id":17,"date":"2024-10-10T10:45:43","date_gmt":"2024-10-10T10:45:43","guid":{"rendered":"http:\/\/eloycasagrande.com\/?page_id=17"},"modified":"2024-10-16T18:06:01","modified_gmt":"2024-10-16T18:06:01","slug":"bio","status":"publish","type":"page","link":"https:\/\/eloycasagrande.com\/en\/bio\/","title":{"rendered":"Bio"},"content":{"rendered":"<div data-elementor-type=\"wp-page\" data-elementor-id=\"17\" class=\"elementor elementor-17\" data-elementor-post-type=\"page\">\n\t\t\t\t<div data-dce-background-overlay-color=\"#00000000\" data-dce-background-image-url=\"https:\/\/eloycasagrande.com\/wp-content\/uploads\/2024\/10\/bio-hero.jpg\" class=\"elementor-element elementor-element-2800967 e-con-full e-flex e-con e-parent\" data-id=\"2800967\" data-element_type=\"container\" data-settings=\"{&quot;background_background&quot;:&quot;classic&quot;}\">\n\t\t\t\t<div class=\"elementor-element elementor-element-ee7ea30 elementor-widget elementor-widget-image\" data-id=\"ee7ea30\" data-element_type=\"widget\" data-widget_type=\"image.default\">\n\t\t\t\t<div class=\"elementor-widget-container\">\n\t\t\t\t\t\t\t\t\t\t\t\t\t\t<a href=\"https:\/\/eloycasagrande.com\/en\">\n\t\t\t\t\t\t\t<img fetchpriority=\"high\" decoding=\"async\" width=\"357\" height=\"166\" src=\"https:\/\/eloycasagrande.com\/wp-content\/uploads\/2024\/10\/Logo.svg\" class=\"attachment-full size-full wp-image-31\" alt=\"\" \/>\t\t\t\t\t\t\t\t<\/a>\n\t\t\t\t\t\t\t\t\t\t\t\t\t<\/div>\n\t\t\t\t<\/div>\n\t\t\t\t<div class=\"elementor-element elementor-element-c23ed00 elementor-hidden-tablet elementor-hidden-mobile elementor-widget elementor-widget-image\" data-id=\"c23ed00\" data-element_type=\"widget\" data-widget_type=\"image.default\">\n\t\t\t\t<div class=\"elementor-widget-container\">\n\t\t\t\t\t\t\t\t\t\t\t\t\t\t<a href=\"https:\/\/eloycasagrande.com\/en\">\n\t\t\t\t\t\t\t<img decoding=\"async\" width=\"20\" height=\"143\" src=\"https:\/\/eloycasagrande.com\/wp-content\/uploads\/2024\/10\/scroll.svg\" class=\"attachment-full size-full wp-image-32\" alt=\"\" \/>\t\t\t\t\t\t\t\t<\/a>\n\t\t\t\t\t\t\t\t\t\t\t\t\t<\/div>\n\t\t\t\t<\/div>\n\t\t\t\t<\/div>\n\t\t<div data-dce-background-color=\"#000000\" data-dce-background-overlay-color=\"#82368C\" data-dce-background-image-url=\"https:\/\/eloycasagrande.com\/wp-content\/uploads\/2024\/10\/bio-section-01.jpg\" class=\"elementor-element elementor-element-2ce4ca6 e-con-full e-flex e-con e-parent\" data-id=\"2ce4ca6\" data-element_type=\"container\" data-settings=\"{&quot;background_background&quot;:&quot;classic&quot;}\">\n\t\t\t\t<div class=\"elementor-element elementor-element-4dc2848 elementor-widget elementor-widget-heading\" data-id=\"4dc2848\" data-element_type=\"widget\" data-widget_type=\"heading.default\">\n\t\t\t\t<div class=\"elementor-widget-container\">\n\t\t\t<h2 class=\"elementor-heading-title elementor-size-default\">bio<\/h2>\t\t<\/div>\n\t\t\t\t<\/div>\n\t\t\t\t<div class=\"elementor-element elementor-element-6119cb3 elementor-hidden-mobile elementor-widget elementor-widget-spacer\" data-id=\"6119cb3\" data-element_type=\"widget\" data-widget_type=\"spacer.default\">\n\t\t\t\t<div class=\"elementor-widget-container\">\n\t\t\t\t\t<div class=\"elementor-spacer\">\n\t\t\t<div class=\"elementor-spacer-inner\"><\/div>\n\t\t<\/div>\n\t\t\t\t<\/div>\n\t\t\t\t<\/div>\n\t\t\t\t<div class=\"elementor-element elementor-element-ddcca46 elementor-widget elementor-widget-heading\" data-id=\"ddcca46\" data-element_type=\"widget\" data-widget_type=\"heading.default\">\n\t\t\t\t<div class=\"elementor-widget-container\">\n\t\t\t<h2 class=\"elementor-heading-title elementor-size-default\">Eloy Casagrande<\/h2>\t\t<\/div>\n\t\t\t\t<\/div>\n\t\t\t\t<div class=\"elementor-element elementor-element-544d5f7 elementor-widget elementor-widget-text-editor\" data-id=\"544d5f7\" data-element_type=\"widget\" data-widget_type=\"text-editor.default\">\n\t\t\t\t<div class=\"elementor-widget-container\">\n\t\t\t\t\t\t\t<p>Was born in Santo Andre, SP - Brazil, on January 29, 1991. From an early age, he showed an interest in music and at the age of seven he started playing the drums, influenced by big names in rock and metal. He had the happy opportunity to have classes with excellent professionals such as: Lenilson Silva, Lauro Lellis, Aquiles Priester and Christiano Rocha.<br \/><br \/>Soon his dedication became evident, and he began to stand out on Brazilian television programs.<br \/><br \/>He was invited to participate in numerous famous TV Programs in Brazil. One of his most notorious act was in \u201cDoming\u00e3o do Faust\u00e3o\u201d at Rede Globo, having won the contest \u201cSe Vira nos 30\u201d in his first appearence. He also participated in programs on other TV channels such as Eliana, Gugu Liberato, Adriane Galisteu, among others.<br \/><br \/>At 13 years old, Eloy won the \"Batuka International Drum Fest\", the most relevant drum festival in Brazil, which served as a boost for his career. In 2005, at the age of 14, he won the prestigious international competition \"Modern Drummer\u2019s Undiscovered Drummer Contest\", held by Modern Drummer magazine. This global recognition opened doors for him to establish himself as a young professional drummer.<\/p>\t\t\t\t\t\t<\/div>\n\t\t\t\t<\/div>\n\t\t\t\t<div class=\"elementor-element elementor-element-b730c80 elementor-hidden-tablet elementor-hidden-mobile elementor-widget elementor-widget-spacer\" data-id=\"b730c80\" data-element_type=\"widget\" data-widget_type=\"spacer.default\">\n\t\t\t\t<div class=\"elementor-widget-container\">\n\t\t\t\t\t<div class=\"elementor-spacer\">\n\t\t\t<div class=\"elementor-spacer-inner\"><\/div>\n\t\t<\/div>\n\t\t\t\t<\/div>\n\t\t\t\t<\/div>\n\t\t\t\t<div class=\"elementor-element elementor-element-0f83d47 elementor-widget elementor-widget-text-editor\" data-id=\"0f83d47\" data-element_type=\"widget\" data-widget_type=\"text-editor.default\">\n\t\t\t\t<div class=\"elementor-widget-container\">\n\t\t\t\t\t\t\t<p>Before joining Sepultura, Eloy had already played with several renowned bands and artists. At the age of 15, he joined the band of Andre Matos, former lead singer of Angra, with whom he recorded the album \u201cMentalize\u201d (2009). In addition, Eloy was also part of the groups Aclla, Iahweh and 2ois, with these he recorded albums and went on national and international tours.<\/p>\t\t\t\t\t\t<\/div>\n\t\t\t\t<\/div>\n\t\t\t\t<div class=\"elementor-element elementor-element-ef03785 elementor-hidden-desktop elementor-widget elementor-widget-spacer\" data-id=\"ef03785\" data-element_type=\"widget\" data-widget_type=\"spacer.default\">\n\t\t\t\t<div class=\"elementor-widget-container\">\n\t\t\t\t\t<div class=\"elementor-spacer\">\n\t\t\t<div class=\"elementor-spacer-inner\"><\/div>\n\t\t<\/div>\n\t\t\t\t<\/div>\n\t\t\t\t<\/div>\n\t\t\t\t<div class=\"elementor-element elementor-element-4c9c778 elementor-widget elementor-widget-text-editor\" data-id=\"4c9c778\" data-element_type=\"widget\" data-widget_type=\"text-editor.default\">\n\t\t\t\t<div class=\"elementor-widget-container\">\n\t\t\t\t\t\t\t<p>In 2011, Eloy was part of the metal band Gloria, participating in the recording of the album \u201cRenascido\u201d. One of the most emblematic moments with the band was their performance at the Rock In Rio festival (2011).\nAt the end of 2011, Eloy was invited to join Sepultura, one of the most influential bands in the history of metal. He remained in the group for 13 years, traveling across 5 continents with an average of 100 shows a year. With Sepultura he recorded the albums \u201cThe Mediator Between Head and Hands Must Be the Heart\u201d (2013), \u201cMachine Messiah\u201d (2017), and \u201cQuadra\u201d (2020), all widely praised by critics.<\/p><p>In addition to his career with Sepultura, Eloy also likes to explore other musical areas, such as the instrumental music project formed by the duo Casagrande &amp; Hanysz, having released the albums \u201cHope Refuge\u201d (2021) and \u201cLiminal\u201d (2024). Apart from the work with the bands, Eloy does workshops, masterclasses and classes representing his sponsors. He held events throughout South America, North America, Europe and Asia.<\/p>\t\t\t\t\t\t<\/div>\n\t\t\t\t<\/div>\n\t\t\t\t<\/div>\n\t\t<div data-dce-background-color=\"#000000\" data-dce-background-image-url=\"https:\/\/eloycasagrande.com\/wp-content\/uploads\/2024\/10\/bio-section-02-new.png\" class=\"elementor-element elementor-element-1822661 e-con-full e-flex e-con e-parent\" data-id=\"1822661\" data-element_type=\"container\" data-settings=\"{&quot;background_background&quot;:&quot;classic&quot;}\">\n\t\t\t\t<div class=\"elementor-element elementor-element-790568f elementor-hidden-desktop elementor-hidden-tablet elementor-widget elementor-widget-image\" data-id=\"790568f\" data-element_type=\"widget\" data-widget_type=\"image.default\">\n\t\t\t\t<div class=\"elementor-widget-container\">\n\t\t\t\t\t\t\t\t\t\t\t\t\t<img decoding=\"async\" width=\"527\" height=\"833\" src=\"https:\/\/eloycasagrande.com\/wp-content\/uploads\/2024\/10\/bio-section-02.jpg\" class=\"attachment-full size-full wp-image-168\" alt=\"\" srcset=\"https:\/\/eloycasagrande.com\/wp-content\/uploads\/2024\/10\/bio-section-02.jpg 527w, https:\/\/eloycasagrande.com\/wp-content\/uploads\/2024\/10\/bio-section-02-190x300.jpg 190w\" sizes=\"(max-width: 527px) 100vw, 527px\" \/>\t\t\t\t\t\t\t\t\t\t\t\t\t<\/div>\n\t\t\t\t<\/div>\n\t\t\t\t<div class=\"elementor-element elementor-element-112f999 elementor-widget elementor-widget-text-editor\" data-id=\"112f999\" data-element_type=\"widget\" data-widget_type=\"text-editor.default\">\n\t\t\t\t<div class=\"elementor-widget-container\">\n\t\t\t\t\t\t\t<p>In May 2024 he was announced as the new drummer for the North American band Slipknot. This new moment in his career represents a recognition for a South American on a global scale, placing him among the great names in the world of drums. <br \/><br \/>When he is not on tour, he values studying and practicing daily. He believes that constant and intense contact with the instrument is absolutely important. He also does weight training as a way of preparing and enhancing his performance. He loves to compose and seek inspiration in the most diverse artistic fields and in life itself. In his free time, he dedicates himself to reading, gastronomic tours and visiting museums. <br \/><br \/>He is currently on a world tour with Slipknot, celebrating the band's 25th Anniversary.\nEloy is sponsored by the brands: Tama Drums, Paiste Cymbals, Evans Drumheads, Promark Drumsticks, Yamaha Electronics, IP&amp;T \u2013 Giba Favery.<\/p>\t\t\t\t\t\t<\/div>\n\t\t\t\t<\/div>\n\t\t\t\t<\/div>\n\t\t<div class=\"elementor-element elementor-element-3787b72 e-con-full e-flex e-con e-parent\" data-id=\"3787b72\" data-element_type=\"container\">\n\t\t\t\t<div class=\"elementor-element elementor-element-6903404 elementor-widget elementor-widget-image\" data-id=\"6903404\" data-element_type=\"widget\" data-widget_type=\"image.default\">\n\t\t\t\t<div class=\"elementor-widget-container\">\n\t\t\t\t\t\t\t\t\t\t\t\t\t<img loading=\"lazy\" decoding=\"async\" width=\"500\" height=\"300\" src=\"https:\/\/eloycasagrande.com\/wp-content\/uploads\/2024\/10\/logo-01-tama.png\" class=\"attachment-full size-full wp-image-1423\" alt=\"\" srcset=\"https:\/\/eloycasagrande.com\/wp-content\/uploads\/2024\/10\/logo-01-tama.png 500w, https:\/\/eloycasagrande.com\/wp-content\/uploads\/2024\/10\/logo-01-tama-300x180.png 300w, https:\/\/eloycasagrande.com\/wp-content\/uploads\/2024\/10\/logo-01-tama-18x12.png 18w\" sizes=\"(max-width: 500px) 100vw, 500px\" \/>\t\t\t\t\t\t\t\t\t\t\t\t\t<\/div>\n\t\t\t\t<\/div>\n\t\t\t\t<div class=\"elementor-element elementor-element-95873fe elementor-widget elementor-widget-image\" data-id=\"95873fe\" data-element_type=\"widget\" data-widget_type=\"image.default\">\n\t\t\t\t<div class=\"elementor-widget-container\">\n\t\t\t\t\t\t\t\t\t\t\t\t\t<img loading=\"lazy\" decoding=\"async\" width=\"500\" height=\"300\" src=\"https:\/\/eloycasagrande.com\/wp-content\/uploads\/2024\/10\/logo-02-paiste-branco.png\" class=\"attachment-full size-full wp-image-1481\" alt=\"\" srcset=\"https:\/\/eloycasagrande.com\/wp-content\/uploads\/2024\/10\/logo-02-paiste-branco.png 500w, https:\/\/eloycasagrande.com\/wp-content\/uploads\/2024\/10\/logo-02-paiste-branco-300x180.png 300w, https:\/\/eloycasagrande.com\/wp-content\/uploads\/2024\/10\/logo-02-paiste-branco-18x12.png 18w\" sizes=\"(max-width: 500px) 100vw, 500px\" \/>\t\t\t\t\t\t\t\t\t\t\t\t\t<\/div>\n\t\t\t\t<\/div>\n\t\t\t\t<div class=\"elementor-element elementor-element-ee1bafc elementor-widget elementor-widget-image\" data-id=\"ee1bafc\" data-element_type=\"widget\" data-widget_type=\"image.default\">\n\t\t\t\t<div class=\"elementor-widget-container\">\n\t\t\t\t\t\t\t\t\t\t\t\t\t<img loading=\"lazy\" decoding=\"async\" width=\"500\" height=\"300\" src=\"https:\/\/eloycasagrande.com\/wp-content\/uploads\/2024\/10\/logo-03-evans-branco.png\" class=\"attachment-full size-full wp-image-1482\" alt=\"\" srcset=\"https:\/\/eloycasagrande.com\/wp-content\/uploads\/2024\/10\/logo-03-evans-branco.png 500w, https:\/\/eloycasagrande.com\/wp-content\/uploads\/2024\/10\/logo-03-evans-branco-300x180.png 300w, https:\/\/eloycasagrande.com\/wp-content\/uploads\/2024\/10\/logo-03-evans-branco-18x12.png 18w\" sizes=\"(max-width: 500px) 100vw, 500px\" \/>\t\t\t\t\t\t\t\t\t\t\t\t\t<\/div>\n\t\t\t\t<\/div>\n\t\t\t\t<div class=\"elementor-element elementor-element-0d33695 elementor-widget elementor-widget-image\" data-id=\"0d33695\" data-element_type=\"widget\" data-widget_type=\"image.default\">\n\t\t\t\t<div class=\"elementor-widget-container\">\n\t\t\t\t\t\t\t\t\t\t\t\t\t<img loading=\"lazy\" decoding=\"async\" width=\"500\" height=\"300\" src=\"https:\/\/eloycasagrande.com\/wp-content\/uploads\/2024\/10\/logo-04-promark.png\" class=\"attachment-full size-full wp-image-1426\" alt=\"\" srcset=\"https:\/\/eloycasagrande.com\/wp-content\/uploads\/2024\/10\/logo-04-promark.png 500w, https:\/\/eloycasagrande.com\/wp-content\/uploads\/2024\/10\/logo-04-promark-300x180.png 300w, https:\/\/eloycasagrande.com\/wp-content\/uploads\/2024\/10\/logo-04-promark-18x12.png 18w\" sizes=\"(max-width: 500px) 100vw, 500px\" \/>\t\t\t\t\t\t\t\t\t\t\t\t\t<\/div>\n\t\t\t\t<\/div>\n\t\t\t\t<div class=\"elementor-element elementor-element-557ac22 elementor-widget elementor-widget-image\" data-id=\"557ac22\" data-element_type=\"widget\" data-widget_type=\"image.default\">\n\t\t\t\t<div class=\"elementor-widget-container\">\n\t\t\t\t\t\t\t\t\t\t\t\t\t<img loading=\"lazy\" decoding=\"async\" width=\"500\" height=\"300\" src=\"https:\/\/eloycasagrande.com\/wp-content\/uploads\/2024\/10\/logo-05-yamaha.png\" class=\"attachment-full size-full wp-image-1427\" alt=\"\" srcset=\"https:\/\/eloycasagrande.com\/wp-content\/uploads\/2024\/10\/logo-05-yamaha.png 500w, https:\/\/eloycasagrande.com\/wp-content\/uploads\/2024\/10\/logo-05-yamaha-300x180.png 300w, https:\/\/eloycasagrande.com\/wp-content\/uploads\/2024\/10\/logo-05-yamaha-18x12.png 18w\" sizes=\"(max-width: 500px) 100vw, 500px\" \/>\t\t\t\t\t\t\t\t\t\t\t\t\t<\/div>\n\t\t\t\t<\/div>\n\t\t\t\t<div class=\"elementor-element elementor-element-909388e elementor-widget elementor-widget-image\" data-id=\"909388e\" data-element_type=\"widget\" data-widget_type=\"image.default\">\n\t\t\t\t<div class=\"elementor-widget-container\">\n\t\t\t\t\t\t\t\t\t\t\t\t\t<img loading=\"lazy\" decoding=\"async\" width=\"500\" height=\"300\" src=\"https:\/\/eloycasagrande.com\/wp-content\/uploads\/2024\/10\/logo-06-ipt.png\" class=\"attachment-full size-full wp-image-1428\" alt=\"\" srcset=\"https:\/\/eloycasagrande.com\/wp-content\/uploads\/2024\/10\/logo-06-ipt.png 500w, https:\/\/eloycasagrande.com\/wp-content\/uploads\/2024\/10\/logo-06-ipt-300x180.png 300w, https:\/\/eloycasagrande.com\/wp-content\/uploads\/2024\/10\/logo-06-ipt-18x12.png 18w\" sizes=\"(max-width: 500px) 100vw, 500px\" \/>\t\t\t\t\t\t\t\t\t\t\t\t\t<\/div>\n\t\t\t\t<\/div>\n\t\t\t\t<\/div>\n\t\t\t\t<\/div>","protected":false},"excerpt":{"rendered":"<p>bio Eloy Casagrande Nasceu em Santo Andr\u00e9, SP &#8211; Brasil, em 29 de janeiro de 1991. Desde cedo demonstrou interesse pela m\u00fasica e, aos sete anos, come\u00e7ou a tocar bateria, influenciado por grandes nomes do rock e do metal. Sua dedica\u00e7\u00e3o logo se tornou evidente e teve a feliz oportunidade de realizar aulas com excelentes [&hellip;]<\/p>\n","protected":false},"author":2,"featured_media":0,"parent":0,"menu_order":0,"comment_status":"closed","ping_status":"closed","template":"elementor_header_footer","meta":{"_acf_changed":false,"footnotes":""},"class_list":["post-17","page","type-page","status-publish","hentry"],"acf":[],"_links":{"self":[{"href":"https:\/\/eloycasagrande.com\/en\/wp-json\/wp\/v2\/pages\/17","targetHints":{"allow":["GET"]}}],"collection":[{"href":"https:\/\/eloycasagrande.com\/en\/wp-json\/wp\/v2\/pages"}],"about":[{"href":"https:\/\/eloycasagrande.com\/en\/wp-json\/wp\/v2\/types\/page"}],"author":[{"embeddable":true,"href":"https:\/\/eloycasagrande.com\/en\/wp-json\/wp\/v2\/users\/2"}],"replies":[{"embeddable":true,"href":"https:\/\/eloycasagrande.com\/en\/wp-json\/wp\/v2\/comments?post=17"}],"version-history":[{"count":24,"href":"https:\/\/eloycasagrande.com\/en\/wp-json\/wp\/v2\/pages\/17\/revisions"}],"predecessor-version":[{"id":1503,"href":"https:\/\/eloycasagrande.com\/en\/wp-json\/wp\/v2\/pages\/17\/revisions\/1503"}],"wp:attachment":[{"href":"https:\/\/eloycasagrande.com\/en\/wp-json\/wp\/v2\/media?parent=17"}],"curies":[{"name":"wp","href":"https:\/\/api.w.org\/{rel}","templated":true}]}}